{"id":179,"date":"2024-03-09T12:19:16","date_gmt":"2024-03-09T12:19:16","guid":{"rendered":"https:\/\/digitalify.ma\/?page_id=179"},"modified":"2024-03-09T13:17:10","modified_gmt":"2024-03-09T13:17:10","slug":"editeur-video-teletravail","status":"publish","type":"page","link":"https:\/\/digitalify.ma\/?page_id=179","title":{"rendered":"\u00c9diteur Vid\u00e9o T\u00e9l\u00e9travail"},"content":{"rendered":"<p><strong><span style=\"color: #ed1c24;\">\u00c9diteur Vid\u00e9o T\u00e9l\u00e9travail\u00a0<\/span><\/strong><\/p>\n<p><span style=\"font-weight: 400;\">Rejoignez notre \u00e9quipe en tant qu&rsquo;\u00e9diteur vid\u00e9o talentueux, dynamique et cr\u00e9atif\u00a0 et participer \u00e0 la cr\u00e9ation de contenu vid\u00e9o percutant pour nos campagnes publicitaires sur les r\u00e9seaux sociaux.<\/span><\/p>\n<p><b>Date de d\u00e9but :<\/b><span style=\"font-weight: 400;\"> D\u00e8s que possible<\/span><\/p>\n<p><b>Dur\u00e9e :<\/b><span style=\"font-weight: 400;\"> Ind\u00e9termin\u00e9e<\/span><\/p>\n<p><b>Lieu :<\/b><span style=\"font-weight: 400;\"> 100% T\u00e9l\u00e9travail<\/span><\/p>\n<p><span style=\"color: #3366ff;\"><b>Responsabilit\u00e9s :<\/b><\/span><\/p>\n<ul>\n<li style=\"font-weight: 400;\" aria-level=\"1\"><span style=\"font-weight: 400;\">Montage des videos pour E-commerce- cr\u00e9ation de contenus anim\u00e9s en motion design, (vid\u00e9os, chartes graphiques, dessins, images,\u2026 etc.)<\/span><\/li>\n<li style=\"font-weight: 400;\" aria-level=\"1\"><span style=\"font-weight: 400;\">Assurer la coh\u00e9rence visuelle.<\/span><\/li>\n<li style=\"font-weight: 400;\" aria-level=\"1\"><span style=\"font-weight: 400;\">Collaborer avec l&rsquo;\u00e9quipe marketing pour comprendre les besoins et les objectifs de chaque projet.<\/span><\/li>\n<li style=\"font-weight: 400;\" aria-level=\"1\"><span style=\"font-weight: 400;\">Assurer la coh\u00e9rence de la marque dans toutes les vid\u00e9os produites.<\/span><\/li>\n<li style=\"font-weight: 400;\" aria-level=\"1\"><span style=\"font-weight: 400;\">Int\u00e9grer des \u00e9l\u00e9ments graphiques, de la musique, des effets sp\u00e9ciaux et des animations pour maximiser l&rsquo;impact visuel.<\/span><\/li>\n<li style=\"font-weight: 400;\" aria-level=\"1\"><span style=\"font-weight: 400;\">Optimiser la qualit\u00e9 et le format des vid\u00e9os pour chaque plateforme de m\u00e9dias sociaux (Instagram, Facebook, YouTube, etc.).<\/span><\/li>\n<li style=\"font-weight: 400;\" aria-level=\"1\"><span style=\"font-weight: 400;\">Respecter les d\u00e9lais et les calendriers de production.<\/span><\/li>\n<\/ul>\n<p><span style=\"color: #3366ff;\"><b>Comp\u00e9tences :<\/b><\/span><\/p>\n<p><span style=\"font-weight: 400;\">Ma\u00eetrise de logiciels comme Adobe Premiere Pro, After Effect.<\/span><\/p>\n<p><span style=\"font-weight: 400;\">Sensibilit\u00e9 cr\u00e9ative et respect des d\u00e9lais.<\/span><\/p>\n<p><span style=\"color: #3366ff;\"><b>Exigences :<\/b><\/span><\/p>\n<p><span style=\"font-weight: 400;\">Exp\u00e9rience d\u00e9montr\u00e9e avec portfolio vari\u00e9.<\/span><\/p>\n<p><span style=\"font-weight: 400;\">Capacit\u00e9 \u00e0 travailler en \u00e9quipe et de mani\u00e8re autonome.<\/span><\/p>\n<p><span style=\"color: #3366ff;\"><b>Comment Postuler :<\/b><\/span><\/p>\n<p><span style=\"font-weight: 400;\">Veuillez remplir le fomulaire en bas.\u00a0<\/span><\/p>\n<p><span style=\"font-weight: 400;\">Les lettres de motivation ne sont pas requises; nous souhaitons plut\u00f4t voir votre travail cr\u00e9atif d\u00e8s le d\u00e9part.<\/span><\/p>\n<p><span style=\"font-weight: 400;\">Si vous \u00eates passionn\u00e9 par la cr\u00e9ation de vid\u00e9os captivantes et que vous souhaitez contribuer \u00e0 des projets stimulants, envoyez-nous votre candidature d\u00e8s aujourd&rsquo;hui! Nous avons h\u00e2te de d\u00e9couvrir votre talent cr\u00e9atif.<\/span><\/p>\n<ul>\n<li style=\"font-weight: 400;\" aria-level=\"1\"><span style=\"font-weight: 400;\">Domaine : Informatique \/ Multim\u00e9dia \/ Internet<\/span><\/li>\n<li style=\"font-weight: 400;\" aria-level=\"1\"><span style=\"font-weight: 400;\">Fonction : Informatique &#8211; Webdesign\/Infographie<\/span><\/li>\n<li style=\"font-weight: 400;\" aria-level=\"1\"><span style=\"font-weight: 400;\">Entreprise : Digitalify SARL<\/span><\/li>\n<li style=\"font-weight: 400;\" aria-level=\"1\"><span style=\"font-weight: 400;\">Niveau d&rsquo;\u00e9tudes : Pas important<\/span><\/li>\n<\/ul>\n\n<style id=\"wpforms-css-vars-188\">\n\t\t\t\t#wpforms-188 {\n\t\t\t\t\n\t\t\t}\n\t\t\t<\/style><div class=\"wpforms-container wpforms-container-full wpforms-render-modern\" id=\"wpforms-188\"><form id=\"wpforms-form-188\" class=\"wpforms-validate wpforms-form wpforms-ajax-form\" data-formid=\"188\" method=\"post\" enctype=\"multipart\/form-data\" action=\"\/index.php?rest_route=%2Fwp%2Fv2%2Fpages%2F179\" data-token=\"bfc363bae483e76336e1429d27834932\" data-token-time=\"1777748704\"><noscript class=\"wpforms-error-noscript\">Veuillez activer JavaScript dans votre navigateur pour remplir ce formulaire.<\/noscript><div id=\"wpforms-error-noscript\" style=\"display: none;\">Veuillez activer JavaScript dans votre navigateur pour remplir ce formulaire.<\/div><div class=\"wpforms-field-container\"><div id=\"wpforms-188-field_1-container\" class=\"wpforms-field wpforms-field-text\" data-field-id=\"1\"><label class=\"wpforms-field-label\" for=\"wpforms-188-field_1\">\u0627\u0644\u0625\u0633\u0645 <span class=\"wpforms-required-label\" aria-hidden=\"true\">*<\/span><\/label><input type=\"text\" id=\"wpforms-188-field_1\" class=\"wpforms-field-medium wpforms-field-required\" name=\"wpforms[fields][1]\" aria-errormessage=\"wpforms-188-field_1-error\" required><\/div><div id=\"wpforms-188-field_2-container\" class=\"wpforms-field wpforms-field-text\" data-field-id=\"2\"><label class=\"wpforms-field-label\" for=\"wpforms-188-field_2\">\u0627\u0644\u0645\u062f\u064a\u0646\u0629 <span class=\"wpforms-required-label\" aria-hidden=\"true\">*<\/span><\/label><input type=\"text\" id=\"wpforms-188-field_2\" class=\"wpforms-field-medium wpforms-field-required\" name=\"wpforms[fields][2]\" aria-errormessage=\"wpforms-188-field_2-error\" required><\/div><div id=\"wpforms-188-field_3-container\" class=\"wpforms-field wpforms-field-text\" data-field-id=\"3\"><label class=\"wpforms-field-label\" for=\"wpforms-188-field_3\">\u0631\u0642\u0645 \u0627\u0644\u0647\u0627\u062a\u0641 (whatsapp) <span class=\"wpforms-required-label\" aria-hidden=\"true\">*<\/span><\/label><input type=\"text\" id=\"wpforms-188-field_3\" class=\"wpforms-field-medium wpforms-field-required\" name=\"wpforms[fields][3]\" aria-errormessage=\"wpforms-188-field_3-error\" required><\/div><div id=\"wpforms-188-field_4-container\" class=\"wpforms-field wpforms-field-select wpforms-field-select-style-classic\" data-field-id=\"4\"><label class=\"wpforms-field-label\" for=\"wpforms-188-field_4\">\u0623\u0631\u064a\u062f \u0627\u0644\u0639\u0645\u0644 \u0643 <span class=\"wpforms-required-label\" aria-hidden=\"true\">*<\/span><\/label><select id=\"wpforms-188-field_4\" class=\"wpforms-field-medium wpforms-field-required\" name=\"wpforms[fields][4]\" required=\"required\"><option value=\"Chercheur de produits e-commerce \/ Cr\u00e9ateur de contenu\" >Chercheur de produits e-commerce \/ Cr\u00e9ateur de contenu<\/option><option value=\"\u00c9diteur Vid\u00e9o T\u00e9l\u00e9travail\" >\u00c9diteur Vid\u00e9o T\u00e9l\u00e9travail<\/option><\/select><\/div><div id=\"wpforms-188-field_6-container\" class=\"wpforms-field wpforms-field-text\" data-field-id=\"6\"><label class=\"wpforms-field-label\" for=\"wpforms-188-field_6\">\u0631\u0627\u0628\u0637 \u0623\u0639\u0645\u0627\u0644\u0643  <span class=\"wpforms-required-label\" aria-hidden=\"true\">*<\/span><\/label><input type=\"text\" id=\"wpforms-188-field_6\" class=\"wpforms-field-medium wpforms-field-required\" name=\"wpforms[fields][6]\" aria-errormessage=\"wpforms-188-field_6-error\" aria-describedby=\"wpforms-188-field_6-description\" required><div id=\"wpforms-188-field_6-description\" class=\"wpforms-field-description\">Google drive, Dropbox,Behance<\/div><\/div><div id=\"wpforms-188-field_5-container\" class=\"wpforms-field wpforms-field-textarea\" data-field-id=\"5\"><label class=\"wpforms-field-label\" for=\"wpforms-188-field_5\">\u0642\u0644 \u0644\u0646\u0627 \u0644\u0645\u0627\u0630\u0627 \u064a\u062c\u0628 \u0625\u062e\u062a\u064a\u0627\u0631\u0643 <span class=\"wpforms-required-label\" aria-hidden=\"true\">*<\/span><\/label><textarea id=\"wpforms-188-field_5\" class=\"wpforms-field-medium wpforms-field-required\" name=\"wpforms[fields][5]\" aria-errormessage=\"wpforms-188-field_5-error\" required><\/textarea><\/div><\/div><!-- .wpforms-field-container --><div class=\"wpforms-submit-container\" ><input type=\"hidden\" name=\"wpforms[id]\" value=\"188\"><input type=\"hidden\" name=\"page_title\" value=\"\"><input type=\"hidden\" name=\"page_url\" value=\"https:\/\/digitalify.ma\/index.php?rest_route=\/wp\/v2\/pages\/179\"><input type=\"hidden\" name=\"url_referer\" value=\"\"><button type=\"submit\" name=\"wpforms[submit]\" id=\"wpforms-submit-188\" class=\"wpforms-submit\" data-alt-text=\"Envoi...\" data-submit-text=\"Envoyer\" aria-live=\"assertive\" value=\"wpforms-submit\">Envoyer<\/button><img decoding=\"async\" src=\"https:\/\/digitalify.ma\/wp-content\/plugins\/wpforms-lite\/assets\/images\/submit-spin.svg\" class=\"wpforms-submit-spinner\" style=\"display: none;\" width=\"26\" height=\"26\" alt=\"Chargement en cours\"><\/div><\/form><\/div>  <!-- .wpforms-container -->\n\n","protected":false},"excerpt":{"rendered":"<p>\u00c9diteur Vid\u00e9o T\u00e9l\u00e9travail\u00a0 Rejoignez notre \u00e9quipe en tant qu&rsquo;\u00e9diteur vid\u00e9o talentueux, dynamique et cr\u00e9atif\u00a0 et participer \u00e0 la cr\u00e9ation de contenu vid\u00e9o percutant pour nos campagnes publicitaires sur les r\u00e9seaux sociaux. Date de d\u00e9but : D\u00e8s que possible Dur\u00e9e : Ind\u00e9termin\u00e9e Lieu : 100% T\u00e9l\u00e9travail Responsabilit\u00e9s : Montage des videos pour E-commerce- cr\u00e9ation de contenus [&#8230;]\n","protected":false},"author":1,"featured_media":0,"parent":0,"menu_order":0,"comment_status":"closed","ping_status":"closed","template":"","meta":{"footnotes":""},"class_list":["post-179","page","type-page","status-publish","hentry"],"_links":{"self":[{"href":"https:\/\/digitalify.ma\/index.php?rest_route=\/wp\/v2\/pages\/179","targetHints":{"allow":["GET"]}}],"collection":[{"href":"https:\/\/digitalify.ma\/index.php?rest_route=\/wp\/v2\/pages"}],"about":[{"href":"https:\/\/digitalify.ma\/index.php?rest_route=\/wp\/v2\/types\/page"}],"author":[{"embeddable":true,"href":"https:\/\/digitalify.ma\/index.php?rest_route=\/wp\/v2\/users\/1"}],"replies":[{"embeddable":true,"href":"https:\/\/digitalify.ma\/index.php?rest_route=%2Fwp%2Fv2%2Fcomments&post=179"}],"version-history":[{"count":6,"href":"https:\/\/digitalify.ma\/index.php?rest_route=\/wp\/v2\/pages\/179\/revisions"}],"predecessor-version":[{"id":197,"href":"https:\/\/digitalify.ma\/index.php?rest_route=\/wp\/v2\/pages\/179\/revisions\/197"}],"wp:attachment":[{"href":"https:\/\/digitalify.ma\/index.php?rest_route=%2Fwp%2Fv2%2Fmedia&parent=179"}],"curies":[{"name":"wp","href":"https:\/\/api.w.org\/{rel}","templated":true}]}}